{"id":1234,"date":"2018-05-28T11:27:10","date_gmt":"2018-05-28T10:27:10","guid":{"rendered":"http:\/\/werratal.bplaced.net\/wordpress\/?page_id=1234"},"modified":"2018-05-28T11:32:58","modified_gmt":"2018-05-28T10:32:58","slug":"datenschutz-hinweise","status":"publish","type":"page","link":"https:\/\/werratal.bplaced.net\/wordpress\/datenschutz-hinweise\/","title":{"rendered":"Datenschutz-Hinweise"},"content":{"rendered":"<p style=\"text-align: center;\"><strong><span style=\"color: #888888;\">Datenschutzhinweise des Werratalvereins<\/span><\/strong><\/p>\n<p><strong><\/strong><br \/>\nWir m\u00f6chten Sie dar\u00fcber informieren, dass die von Ihnen in Ihrer Beitrittserkl\u00e4rung angegebenen personenbezogenen Daten (Name, Adresse, Geburtstag sowie ggf. Telefonnummer, eMail-Adresse und Bankverbindung) auf den EDV-Systemen (oder auch in einfachen Listen) des jeweiligen Zweigvereins des Werratalvereins 1883 e.V. gespeichert und f\u00fcr Verwaltungszwecke des Vereins verarbeitet und genutzt werden. Verantwortliche Stelle ist der\/die Vorsit-zende des Zweigvereins, bei dem Sie Ihre Beitrittserkl\u00e4rung eingereicht haben.<br \/>\nMit der Mitgliedschaft im Zweigverein ist zugleich eine Mitgliedschaft im Werratalverein 1883 e.V. (Hauptverein) und dessen Dachverband, dem DeutscherWanderverband (DWV), verbunden.<br \/>\nWir sichern Ihnen zu, Ihre personenbezogenen Daten vertraulich zu behandeln und nicht an Dritte weiterzugeben. Hiervon sind die Daten von Vorstandsmitgliedern, Fachwarten,Wanderf\u00fchrern ausgenommen, deren Kontaktdaten zur Erf\u00fcllung der satzungsgem\u00e4\u00dfen Aufgaben innerhalb der Verbandsstrukturen an den Deutschen Wanderverband (DWV), an die Landes-wanderverb\u00e4nde Hessen, Th\u00fcringen und Niedersachsen (je nach Sitz des Zweigvereins) sowie an den WTV-Hauptverein f\u00fcr die interne Kommunikation weitergegeben werden k\u00f6nnen. Der Werratalverein ver\u00f6ffentlicht die Kontaktdaten seiner Vorst\u00e4nde (Hauptvorstand und Vorst\u00e4nde der Zweigvereine) auch auf der Internetseite des Vereins.<br \/>\nSie k\u00f6nnen jederzeit schriftlich Auskunft \u00fcber die bez\u00fcglich Ihrer Person gespeicherten Daten erhalten und Korrektur verlangen, soweit die beim Werratalverein gespeicherten Daten nicht richtig sind. Wenn die gespeicherten Daten f\u00fcr die Abwicklung der Verwaltungsprozesse des Werratalvereins nicht erforderlich sind, k\u00f6nnen Sie auch eine Sperrung und gegebenenfalls eine L\u00f6schung Ihrer personenbezogenen Daten verlangen.<br \/>\nDer Werratalverein sendet Ihnen regelm\u00e4\u00dfig die Vereinszeitung \u201eDas Werraland\u201c zu. Sollten Sie die Zustellung des \u201eWerralandes\u201c nicht w\u00fcnschen, k\u00f6nnen Sie dem Versand beim jeweiligen Zweigverein desWerratalvereins jederzeit schriftlich widersprechen. Die Kontaktadressen der Vorsitzenden des Zweigvereins k\u00f6nnen Sie auf der Internetseite www.werratalverein1883.de ersehen \u2013 oder beim Hauptgesch\u00e4ftsf\u00fchrer des Werratalvereins erfahren.<br \/>\nNach Beendigung der Mitgliedschaft werden Ihre personenbezogenen Daten gel\u00f6scht, soweit sie nicht, entsprechend der steuerrechtlichen oder sonstigen gesetzlichen Vorgaben, aufbewahrt werden m\u00fcssen. Hiervon sind die Daten ehemaliger Funktionstr\u00e4ger und Mitglieder mit Ehrungen des Werratalvereins ausgeschlossen, die weiterhin elektronisch archiviert werden.<br \/>\nEine Nutzung Ihrer personenbezogenen Daten f\u00fcrWerbezwecke findet weder durch den Wer-ratalverein noch dessen \u00fcbergeordnete Verbandsstrukturen statt.<br \/>\nMit dem Beitritt zum Werratalverein wird best\u00e4tigt, dass die Datenschutzhinweise f\u00fcr Neumitglieder zur Kenntnis genommen und akzeptiert wurden.<\/p>\n<p>.<br \/>\nKontaktdaten des Werratalvereins 1883 e.V. \u2013 Stand: 01.05.2018<br \/>\nKlaus Rohmund, Hauptgesch\u00e4ftsf\u00fchrer<br \/>\nKohlenstr. 8, 37290 Mei\u00dfner | Telefon 05657 9190105 | info@werratalverein1883.de und\/oder<br \/>\nJ\u00fcrgen Zick, Vorsitzender<br \/>\nFritz-Delius-Str. 46, 37269 Eschwege | Telefon 05651 5834<br \/>\nInternet: www.werratalverein1883.de<\/p>\n<h3>Related Images:<\/h3>","protected":false},"excerpt":{"rendered":"<p>Datenschutzhinweise des Werratalvereins Wir m\u00f6chten Sie dar\u00fcber informieren, dass die von Ihnen in Ihrer Beitrittserkl\u00e4rung angegebenen personenbezogenen Daten (Name, Adresse, Geburtstag sowie ggf. Telefonnummer, eMail-Adresse und Bankverbindung) auf den EDV-Systemen (oder auch in einfachen Listen) des jeweiligen Zweigvereins des Werratalvereins <a class=\"more-link\" href=\"https:\/\/werratal.bplaced.net\/wordpress\/datenschutz-hinweise\/\"><span class=\"screen-reader-text\">  Datenschutz-Hinweise<\/span> weiterlesen<span class=\"meta-nav\">&rarr;<\/span><\/a><\/p>\n","protected":false},"author":1,"featured_media":0,"parent":0,"menu_order":0,"comment_status":"open","ping_status":"open","template":"","meta":{"ngg_post_thumbnail":0,"footnotes":""},"class_list":["post-1234","page","type-page","status-publish","hentry"],"_links":{"self":[{"href":"https:\/\/werratal.bplaced.net\/wordpress\/wp-json\/wp\/v2\/pages\/1234","targetHints":{"allow":["GET"]}}],"collection":[{"href":"https:\/\/werratal.bplaced.net\/wordpress\/wp-json\/wp\/v2\/pages"}],"about":[{"href":"https:\/\/werratal.bplaced.net\/wordpress\/wp-json\/wp\/v2\/types\/page"}],"author":[{"embeddable":true,"href":"https:\/\/werratal.bplaced.net\/wordpress\/wp-json\/wp\/v2\/users\/1"}],"replies":[{"embeddable":true,"href":"https:\/\/werratal.bplaced.net\/wordpress\/wp-json\/wp\/v2\/comments?post=1234"}],"version-history":[{"count":5,"href":"https:\/\/werratal.bplaced.net\/wordpress\/wp-json\/wp\/v2\/pages\/1234\/revisions"}],"predecessor-version":[{"id":1240,"href":"https:\/\/werratal.bplaced.net\/wordpress\/wp-json\/wp\/v2\/pages\/1234\/revisions\/1240"}],"wp:attachment":[{"href":"https:\/\/werratal.bplaced.net\/wordpress\/wp-json\/wp\/v2\/media?parent=1234"}],"curies":[{"name":"wp","href":"https:\/\/api.w.org\/{rel}","templated":true}]}}