{"id":38,"date":"2013-09-24T11:23:27","date_gmt":"2013-09-24T09:23:27","guid":{"rendered":"http:\/\/werratal.bplaced.net\/wordpress\/?page_id=38"},"modified":"2026-02-15T17:00:22","modified_gmt":"2026-02-15T16:00:22","slug":"kontakt","status":"publish","type":"page","link":"https:\/\/werratal.bplaced.net\/wordpress\/kontakt\/","title":{"rendered":"Kontakt"},"content":{"rendered":"<p style=\"text-align: center;\"><strong>\u00a0eMail:<\/strong>\u00a0\u00a0 <a href=\"mailto: werratalverein-witzenhausen@gmx.de\">werratalverein-witzenhausen@gmx.de<\/a><\/p>\n<p><strong><strong><strong><strong>&#8212;<\/strong>&#8212;&#8212;&#8212;&#8212;&#8211;<\/strong><strong><strong>&#8212;<\/strong>&#8211;<\/strong><\/strong>\u00a0<strong>F\u00fcr weitere Ausk\u00fcnfte stehen zur Verf\u00fcgung:\u00a0<strong><strong><strong><strong>&#8212;<\/strong>&#8212;&#8212;&#8212;&#8212;&#8212;&#8211;<\/strong><strong><strong>&#8212;<\/strong>&#8211;<\/strong><\/strong><\/strong><\/strong><\/strong><\/p>\n<p><strong><\/strong><br \/>\n<strong>Vorsitzender :\u00a0\u00a0\u00a0\u00a0\u00a0\u00a0\u00a0\u00a0\u00a0\u00a0\u00a0 \u00a0\u00a0 <\/strong>G\u00fcnther KLAUS, Tel. 05542 \/ 1390\u00a0\u00a0\u00a0\u00a0\u00a0\u00a0\u00a0\u00a0\u00a0<script type=\"mce-text\/javascript\">\/\/ <![CDATA[\n<!--\n   var name = \"werratalverein-witzenhausen\";\n   var domain = \"gmx.de\";\n   document.write('<a href=\\\"mailto:' + name + '@' + domain + '\\\">');\n   document.write(\"&#160;\"+\"&#160;\"+\"&#160;\"+\"Kontakt\" + '<\/a>');\n\n\/\/-->\n\/\/ ]]&gt;\n\/\/ ]]><\/script><\/p>\n<p><strong>Stellv. Vorsitzender :<\/strong> \u00a0<script type=\"mce-text\/javascript\">\/\/ <![CDATA[\n<!--\n   var name = \"jmweberwitzenhausen\";\n   var domain = \"hotmail.de\";\n   document.write('<a href=\\\"mailto:' + name + '@' + domain + '\\\">');\n   document.write(\"&#160;\"+\"&#160;\"+\"&#160;\"+\"Kontakt\" + '<\/a>');\n\/\/-->\n\/\/ ]]&gt;\n\/\/ ]]><\/script><\/p>\n<p><strong>Kassenwart :<\/strong>\u00a0\u00a0\u00a0\u00a0\u00a0\u00a0\u00a0\u00a0\u00a0\u00a0\u00a0\u00a0 \u00a0 \u00a0 Hartmut DENECKE,\u00a0 Tel. 05542 \/ 910217<script type=\"mce-text\/javascript\">\/\/ <![CDATA[\n<!--\n   var name = \"hdenecke\";\n   var domain = \"arcor.de\";\n   document.write('<a href=\\\"mailto:' + name + '@' + domain + '\\\">');\n   document.write(\"&#160;\"+\"&#160;\"+\"&#160;\"+\"Kontakt\" + '<\/a>');\n\/\/-->\n\/\/ ]]&gt;\n\/\/ ]]><\/script><\/p>\n<p><strong>Schriftf\u00fchrer :<\/strong>\u00a0\u00a0\u00a0\u00a0\u00a0\u00a0\u00a0\u00a0\u00a0\u00a0\u00a0\u00a0\u00a0\u00a0 Brigitta BAUER<script type=\"mce-text\/javascript\">\/\/ <![CDATA[\n<!--\n   var name = \"brigitta.bauer\";\n   var domain = \"web.de\";\n   document.write('<a href=\\\"mailto:' + name + '@' + domain + '\\\">');\n   document.write(\"&#160;\"+\"&#160;\"+\"&#160;\"+\"Kontakt\" + '<\/a>');\n\/\/-->\n\/\/ ]]&gt;\n\/\/ ]]><\/script><\/p>\n<p><strong>Wanderwarte :<\/strong>\u00a0\u00a0\u00a0\u00a0\u00a0\u00a0\u00a0\u00a0\u00a0 \u00a0\u00a0\u00a0 Doris POPP,\u00a0 Tel. 05542 \/ 1459<script type=\"mce-text\/javascript\">\/\/ <![CDATA[\n<!--\n   var name = \"wernerpopp\";\n   var domain = \"gmail.com\";\n   document.write('<a href=\\\"mailto:' + name + '@' + domain + '\\\">');\n   document.write(\"&#160;\"+\"&#160;\"+\"&#160;\"+\"Kontakt\" + '<\/a>');\n\/\/-->\n\/\/ ]]&gt;\n\/\/ ]]><\/script><br \/>\n.\u00a0\u00a0\u00a0\u00a0\u00a0\u00a0\u00a0\u00a0\u00a0\u00a0\u00a0\u00a0\u00a0\u00a0\u00a0\u00a0\u00a0\u00a0\u00a0\u00a0\u00a0\u00a0\u00a0\u00a0\u00a0\u00a0\u00a0\u00a0\u00a0\u00a0\u00a0\u00a0\u00a0\u00a0\u00a0\u00a0\u00a0 G\u00fcnther KLAUS, Tel. 05542 \/ 1390<br \/>\n<strong><\/strong><\/p>\n<p><strong>Wegewart :\u00a0<\/strong>\u00a0\u00a0\u00a0\u00a0\u00a0\u00a0\u00a0\u00a0\u00a0\u00a0\u00a0\u00a0\u00a0 \u00a0 \u00a0\u00a0 NN<strong> <\/strong><\/p>\n<p><strong>Beisitzer:\u00a0\u00a0\u00a0\u00a0\u00a0\u00a0\u00a0\u00a0\u00a0\u00a0\u00a0\u00a0\u00a0\u00a0\u00a0\u00a0\u00a0\u00a0\u00a0\u00a0<\/strong>\u00a0 NN<strong><br \/>\n<\/strong><\/p>\n<p><strong>\u00a0<\/strong><\/p>\n<p>&nbsp;<\/p>\n<h3>Related Images:<\/h3>","protected":false},"excerpt":{"rendered":"<p>\u00a0eMail:\u00a0\u00a0 werratalverein-witzenhausen@gmx.de &#8212;&#8212;&#8212;&#8212;&#8212;&#8211;&#8212;&#8211;\u00a0F\u00fcr weitere Ausk\u00fcnfte stehen zur Verf\u00fcgung:\u00a0&#8212;&#8212;&#8212;&#8212;&#8212;&#8212;&#8211;&#8212;&#8211; Vorsitzender :\u00a0\u00a0\u00a0\u00a0\u00a0\u00a0\u00a0\u00a0\u00a0\u00a0\u00a0 \u00a0\u00a0 G\u00fcnther KLAUS, Tel. 05542 \/ 1390\u00a0\u00a0\u00a0\u00a0\u00a0\u00a0\u00a0\u00a0\u00a0 Stellv. Vorsitzender : \u00a0 Kassenwart :\u00a0\u00a0\u00a0\u00a0\u00a0\u00a0\u00a0\u00a0\u00a0\u00a0\u00a0\u00a0 \u00a0 \u00a0 Hartmut DENECKE,\u00a0 Tel. 05542 \/ 910217 Schriftf\u00fchrer :\u00a0\u00a0\u00a0\u00a0\u00a0\u00a0\u00a0\u00a0\u00a0\u00a0\u00a0\u00a0\u00a0\u00a0 Brigitta BAUER Wanderwarte :\u00a0\u00a0\u00a0\u00a0\u00a0\u00a0\u00a0\u00a0\u00a0 \u00a0\u00a0\u00a0 Doris POPP,\u00a0 <a class=\"more-link\" href=\"https:\/\/werratal.bplaced.net\/wordpress\/kontakt\/\"><span class=\"screen-reader-text\">  Kontakt<\/span> weiterlesen<span class=\"meta-nav\">&rarr;<\/span><\/a><\/p>\n","protected":false},"author":1,"featured_media":0,"parent":0,"menu_order":4,"comment_status":"closed","ping_status":"closed","template":"","meta":{"ngg_post_thumbnail":0,"footnotes":""},"class_list":["post-38","page","type-page","status-publish","hentry"],"_links":{"self":[{"href":"https:\/\/werratal.bplaced.net\/wordpress\/wp-json\/wp\/v2\/pages\/38","targetHints":{"allow":["GET"]}}],"collection":[{"href":"https:\/\/werratal.bplaced.net\/wordpress\/wp-json\/wp\/v2\/pages"}],"about":[{"href":"https:\/\/werratal.bplaced.net\/wordpress\/wp-json\/wp\/v2\/types\/page"}],"author":[{"embeddable":true,"href":"https:\/\/werratal.bplaced.net\/wordpress\/wp-json\/wp\/v2\/users\/1"}],"replies":[{"embeddable":true,"href":"https:\/\/werratal.bplaced.net\/wordpress\/wp-json\/wp\/v2\/comments?post=38"}],"version-history":[{"count":85,"href":"https:\/\/werratal.bplaced.net\/wordpress\/wp-json\/wp\/v2\/pages\/38\/revisions"}],"predecessor-version":[{"id":1785,"href":"https:\/\/werratal.bplaced.net\/wordpress\/wp-json\/wp\/v2\/pages\/38\/revisions\/1785"}],"wp:attachment":[{"href":"https:\/\/werratal.bplaced.net\/wordpress\/wp-json\/wp\/v2\/media?parent=38"}],"curies":[{"name":"wp","href":"https:\/\/api.w.org\/{rel}","templated":true}]}}